{"id":1755,"date":"2016-09-11T09:00:30","date_gmt":"2016-09-11T01:00:30","guid":{"rendered":"https:\/\/www.gunze.co.jp\/c\/epd\/?page_id=1755"},"modified":"2017-08-15T11:18:42","modified_gmt":"2017-08-15T03:18:42","slug":"semi","status":"publish","type":"page","link":"https:\/\/www.gunze.co.jp\/c\/epd\/examplepage\/semi\/","title":{"rendered":"\u534a\u5bfc\u4f53\u5316\u5b66\u6db2\u4f53\u9632\u8150\u50a8\u7f50\u7528\u9014\u4f8b"},"content":{"rendered":"<h1 class=\"contentTitle\">NSP\u7cfb\u5217 \u6c1f\u6811\u8102PFA \u7194\u878d \u5706\u710a\u6761\uff08ROD\uff09\/\u6241\u710a\u6761\uff08RIBON\uff09<\/h1>\n<p><a href=\"https:\/\/www.gunze.co.jp\/c\/epd\/wp-content\/uploads\/2013\/08\/product-06.jpg\"><img loading=\"lazy\" src=\"https:\/\/www.gunze.co.jp\/c\/epd\/wp-content\/uploads\/2013\/08\/product-06.jpg\" alt=\"ROD \uff08\u6c1f\u6811\u8102\/\u94c1\u6c1f\u9f99\/\u7279\u6c1f\u9f99PFA \u710a\u6761(\u5706\u68d2)\/\u710a\u5e26(\u8584\u677f\u5e26)\uff09\" width=\"264\" height=\"168\" class=\"alignnone size-full wp-image-163\" \/><\/a><br \/>\n\u4ee5\u534a\u5bfc\u4f53\u4e3a\u9996\u7684\u9ad8\u7ea7\u5316\u5b66\u6db2\u4f53\u9632\u8150\u50a8\u7f50.ROD\/RIBON\u662f\u7528\u5728\u8be5\u50a8\u7f50\u7684PTFE\u710a\u6750\u4e4b\u95f4\u7684\u710a\u63a5\u6750\u6599.\u901a\u8fc7\u591a\u5e74\u7ecf\u9a8c\u79ef\u7d2f\u751f\u4ea7\u7684\u9762\u5411\u534a\u5bfc\u4f53\u884c\u4e1a\u7684\u7279\u6b8a\u5546\u54c1\u3002<br \/>\n\u53ef\u751f\u4ea7\u5c3a\u5bf8<br \/>\nR O D\uff1a\u03c62-5mm\u00d7500m<br \/>\nRIBON\uff1a14.5\u00d72.4mm or 17\u00d72.4mm\u00d7500m<br \/>\n\u4ee5\u4e0a\u5747\u4e3a\u5377\u53d6\u6750\uff0c\u4ee510M\u4e3a\u5355\u4f4d\u8fdb\u884c\u9500\u552e<\/p>\n<h4>\u6c1f\u6811\u8102PFA\u7684\u7279\u6027 ; \u25a0\u8010\u836f\u54c1\u6027\u25a0\u8010\u70ed\u6027 \u25a0\u7eaf\u7cb9\u6027 \u25a0\u53ef\u70ed\u7194\u878d\u6027<\/h4>\n<h3>\u5316\u5b66\u6db2\u4f53\u9632\u8150\u50a8\u7f50\u7684\u7528\u9014\u4f8b<\/h3>\n<p><img loading=\"lazy\" class=\"alignnone size-full wp-image-1766\" src=\"https:\/\/www.gunze.co.jp\/c\/epd\/wp-content\/uploads\/2016\/09\/semi.png\" alt=\"NSP\u7cfb\u5217 \u5316\u5b66\u6db2\u4f53\u9632\u8150\u50a8\u7f50\u7684\u7528\u9014\u4f8b\" width=\"700\" height=\"200\" srcset=\"https:\/\/www.gunze.co.jp\/c\/epd\/wp-content\/uploads\/2016\/09\/semi.png 700w, https:\/\/www.gunze.co.jp\/c\/epd\/wp-content\/uploads\/2016\/09\/semi-300x85.png 300w\" sizes=\"(max-width: 700px) 100vw, 700px\" \/><\/p>\n<h3>\u4ea7\u54c1\u7279\u70b9<\/h3>\n<ol>\n<li>\u8010\u836f\u54c1\u6027\u3001\u8010\u70ed\u6027\uff08260\u2103\uff09\u5353\u8d8a<\/li>\n<li>\u79ef\u7d2f\u591a\u5e74\u7ecf\u9a8c\uff0c\u9762\u5411\u534a\u5bfc\u4f53\u884c\u4e1a\u91c7\u53d6\u7279\u6b8a\u5316\u7ba1\u7406\uff0c\u5728\u4e1a\u754c\u53e3\u7891 \u975e\u5e38\u597d<\/li>\n<li>\u90e1\u662f\u7279\u6709\u6280\u672f\uff0c\u9ad8\u6e29\u4e0b\u5c3a\u5bf8\u7a33\u5b9a\u6027\u9ad8<\/li>\n<li>\u53ef\u5377\u53d6\u51fa\u8d27\uff08500m\/\u5377\uff09\uff0c\u6709\u52a9\u4e8e\u63d0\u9ad8\u751f\u4ea7\u6548\u7387<\/li>\n<\/ol>\n<p><a href=\"https:\/\/www.gunze.co.jp\/c\/epd\/wp-content\/uploads\/2016\/09\/appex_semi.pdf\" target=\"_blank\">\u534a\u5c0e\u4f53\u5411\u3051\u85ac\u6db2\u30e9\u30a4\u30cb\u30f3\u30b0\u30bf\u30f3\u30af\u7528\u9014\u4e8b\u4f8b\uff08\u30d5\u30c3\u7d20\u6a39\u8102PFA\u88fd\u4e38\u68d2\/\u30c6\u30fc\u30d7\uff09PDF\u65e5\u672c\u8a9e\u7248<\/a><\/p>\n","protected":false},"excerpt":{"rendered":"NSP\u7cfb\u5217 \u6c1f\u6811\u8102PFA \u7194\u878d \u5706\u710a\u6761\uff08ROD\uff09\/\u6241\u710a\u6761\uff08RIBON\uff09 \u4ee5\u534a\u5bfc\u4f53\u4e3a\u9996\u7684\u9ad8\u7ea7\u5316\u5b66\u6db2\u4f53\u9632\u8150\u50a8\u7f50.ROD\/RIBON\u662f\u7528\u5728\u8be5\u50a8\u7f50\u7684PTFE\u710a\u6750\u4e4b\u95f4\u7684\u710a\u63a5\u6750\u6599.\u901a\u8fc7\u591a\u5e74\u7ecf\u9a8c\u79ef\u7d2f\u751f\u4ea7\u7684\u9762\u5411\u534a\u5bfc\u4f53\u884c\u4e1a\u7684\u7279\u6b8a\u5546\u54c1\u3002 \u53ef &#8230;","protected":false},"author":2,"featured_media":0,"parent":809,"menu_order":9,"comment_status":"closed","ping_status":"closed","template":"","meta":[],"_links":{"self":[{"href":"https:\/\/www.gunze.co.jp\/c\/epd\/wp-json\/wp\/v2\/pages\/1755"}],"collection":[{"href":"https:\/\/www.gunze.co.jp\/c\/epd\/wp-json\/wp\/v2\/pages"}],"about":[{"href":"https:\/\/www.gunze.co.jp\/c\/epd\/wp-json\/wp\/v2\/types\/page"}],"author":[{"embeddable":true,"href":"https:\/\/www.gunze.co.jp\/c\/epd\/wp-json\/wp\/v2\/users\/2"}],"replies":[{"embeddable":true,"href":"https:\/\/www.gunze.co.jp\/c\/epd\/wp-json\/wp\/v2\/comments?post=1755"}],"version-history":[{"count":14,"href":"https:\/\/www.gunze.co.jp\/c\/epd\/wp-json\/wp\/v2\/pages\/1755\/revisions"}],"predecessor-version":[{"id":2056,"href":"https:\/\/www.gunze.co.jp\/c\/epd\/wp-json\/wp\/v2\/pages\/1755\/revisions\/2056"}],"up":[{"embeddable":true,"href":"https:\/\/www.gunze.co.jp\/c\/epd\/wp-json\/wp\/v2\/pages\/809"}],"wp:attachment":[{"href":"https:\/\/www.gunze.co.jp\/c\/epd\/wp-json\/wp\/v2\/media?parent=1755"}],"curies":[{"name":"wp","href":"https:\/\/api.w.org\/{rel}","templated":true}]}}